{"id":10,"date":"2024-04-08T22:56:42","date_gmt":"2024-04-08T20:56:42","guid":{"rendered":"https:\/\/grooveboxpresta.fr\/?page_id=10"},"modified":"2024-04-11T02:00:13","modified_gmt":"2024-04-11T00:00:13","slug":"accueil","status":"publish","type":"page","link":"https:\/\/grooveboxpresta.fr\/","title":{"rendered":"Accueil"},"content":{"rendered":"\n<div class=\"wp-block-cover alignfull\" style=\"padding-top:17%;padding-bottom:3rem\"><span aria-hidden=\"true\" class=\"wp-block-cover__background has-black-background-color has-background-dim-20 has-background-dim\"><\/span><img loading=\"lazy\" decoding=\"async\" width=\"720\" height=\"480\" class=\"wp-block-cover__image-background wp-image-106\" alt=\"\" src=\"https:\/\/grooveboxpresta-fr.preview-domain.com\/wp-content\/uploads\/2024\/04\/287888048_10225184488931804_710012909267894520_n-4.jpeg\" style=\"object-position:52% 82%\" data-object-fit=\"cover\" data-object-position=\"52% 82%\" srcset=\"https:\/\/grooveboxpresta.fr\/wp-content\/uploads\/2024\/04\/287888048_10225184488931804_710012909267894520_n-4.jpeg 720w, https:\/\/grooveboxpresta.fr\/wp-content\/uploads\/2024\/04\/287888048_10225184488931804_710012909267894520_n-4-300x200.jpeg 300w\" sizes=\"(max-width: 720px) 100vw, 720px\" \/><div class=\"wp-block-cover__inner-container has-global-padding is-layout-constrained wp-container-core-cover-is-layout-1 wp-block-cover-is-layout-constrained\">\n<div class=\"wp-block-group alignwide is-vertical is-content-justification-left is-layout-flex wp-container-core-group-is-layout-2 wp-block-group-is-layout-flex\" style=\"min-height:520px\">\n<div class=\"wp-block-group wp-container-content-2 is-vertical is-layout-flex wp-container-core-group-is-layout-1 wp-block-group-is-layout-flex\">\n<div style=\"height:100px;width:0px\" aria-hidden=\"true\" class=\"wp-block-spacer wp-container-content-1\"><\/div>\n\n\n\n<h2 class=\"wp-block-heading has-text-align-left has-text-color\" style=\"color:#fffffd;margin-bottom:1.01rem;font-size:clamp(1.743rem, 1.743rem + ((1vw - 0.2rem) * 2.285), 3rem);font-style:normal;font-weight:500;line-height:1.2\">Vivez une exp\u00e9rience unique<\/h2>\n\n\n\n<p class=\"has-text-align-left has-text-color\" style=\"color:#fffffd;margin-top:0;margin-bottom:0;padding-top:0;padding-right:0;padding-bottom:0;padding-left:0;font-size:clamp(0.935rem, 0.935rem + ((1vw - 0.2rem) * 0.864), 1.41rem);font-style:normal;font-weight:400;line-height:1.3\">Bienvenue chez Groove box presta. <br>Une entreprise professionnelle sp\u00e9cialis\u00e9e dans la sonorisation, l&rsquo;\u00e9clairage, les sc\u00e8nes, les tentes et bien plus encore.<br>Nous r\u00e9pondons \u00e0 tous vos besoins en \u00e9quipement \u00e9v\u00e9nementiel.<\/p>\n<\/div>\n<\/div>\n<\/div><\/div>\n\n\n\n<section class=\"wp-block-group alignfull has-global-padding is-layout-constrained wp-container-core-group-is-layout-4 wp-block-group-is-layout-constrained\" style=\"margin-top:0px;padding-top:6rem;padding-right:1rem;padding-bottom:4.5rem;padding-left:1rem;font-size:clamp(0.875rem, 0.875rem + ((1vw - 0.2rem) * 0.464), 1.13rem);font-style:normal;font-weight:400;line-height:1.4\">\n<div class=\"wp-block-columns is-layout-flex wp-container-core-columns-is-layout-1 wp-block-columns-is-layout-flex\" style=\"margin-bottom:0px\">\n<div class=\"wp-block-column is-vertically-aligned-bottom is-layout-flow wp-block-column-is-layout-flow\" style=\"padding-right:1rem;padding-left:1rem;flex-basis:35%\">\n<figure class=\"wp-block-image aligncenter size-full is-resized has-custom-border\"><img loading=\"lazy\" decoding=\"async\" width=\"768\" height=\"1024\" src=\"https:\/\/grooveboxpresta-fr.preview-domain.com\/wp-content\/uploads\/2024\/04\/379636923_1727865954380471_5516918024456253790_n.jpg\" alt=\"\" class=\"wp-image-67\" style=\"border-radius:60px;aspect-ratio:0.5625;object-fit:cover;width:399px;height:auto\" srcset=\"https:\/\/grooveboxpresta.fr\/wp-content\/uploads\/2024\/04\/379636923_1727865954380471_5516918024456253790_n.jpg 768w, https:\/\/grooveboxpresta.fr\/wp-content\/uploads\/2024\/04\/379636923_1727865954380471_5516918024456253790_n-225x300.jpg 225w\" sizes=\"(max-width: 768px) 100vw, 768px\" \/><\/figure>\n<\/div>\n\n\n\n<div class=\"wp-block-column has-global-padding is-layout-constrained wp-container-core-column-is-layout-2 wp-block-column-is-layout-constrained\" style=\"padding-top:2.01rem\">\n<div class=\"wp-block-group has-global-padding is-layout-constrained wp-container-core-group-is-layout-3 wp-block-group-is-layout-constrained\" style=\"min-height:100%\">\n<h1 class=\"wp-block-heading has-text-align-left has-text-color\" style=\"color:#010101;margin-top:0.5rem;margin-bottom:0rem;font-size:clamp(1.502rem, 1.502rem + ((1vw - 0.2rem) * 1.815), 2.5rem);font-style:normal;font-weight:500;letter-spacing:0px;line-height:1.3\">Un voyage vers l&rsquo;excellence<\/h1>\n\n\n\n<div style=\"height:37px\" aria-hidden=\"true\" class=\"wp-block-spacer\"><\/div>\n\n\n\n<p class=\"has-text-align-left has-text-color\" style=\"color:#010101;margin-top:0rem;font-size:clamp(0.875rem, 0.875rem + ((1vw - 0.2rem) * 0.245), 1.01rem);font-style:normal;font-weight:400;line-height:1.5\">Chez Groove box presta, nous sommes n\u00e9s d&rsquo;une passion pour l&rsquo;organisation d&rsquo;\u00e9v\u00e9nements inoubliables. Nous mettons \u00e0 votre disposition nos comp\u00e9tences pour une large gamme d&rsquo;\u00e9v\u00e9nements, tel que les concerts, les festivals, les mariages, les conf\u00e9rences, les productions th\u00e9\u00e2trales et les clubs.<\/p>\n\n\n\n<div style=\"height:5px\" aria-hidden=\"true\" class=\"wp-block-spacer\"><\/div>\n\n\n\n<p class=\"has-text-align-left has-text-color\" style=\"color:#010101;margin-top:0rem;font-size:clamp(0.875rem, 0.875rem + ((1vw - 0.2rem) * 0.245), 1.01rem);font-style:normal;font-weight:400;line-height:1.5\">Gr\u00e2ce \u00e0 notre sens du d\u00e9tail et \u00e0 notre volont\u00e9 de satisfaire nos clients, nous nous sommes forg\u00e9s une r\u00e9putation de sp\u00e9cialistes de l&rsquo;\u00e9quipement \u00e9v\u00e9nementiel.<\/p>\n\n\n\n<div style=\"height:5px\" aria-hidden=\"true\" class=\"wp-block-spacer\"><\/div>\n\n\n\n<p class=\"has-text-align-left has-text-color\" style=\"color:#010101;margin-top:0rem;font-size:clamp(0.875rem, 0.875rem + ((1vw - 0.2rem) * 0.245), 1.01rem);font-style:normal;font-weight:400;line-height:1.5\">L&rsquo;expertise de notre \u00e9quipe et sa connaissance du secteur nous permettent d&rsquo;adapter nos services aux besoins uniques de chaque \u00e9v\u00e9nement, garantissant ainsi des exp\u00e9riences transparentes et m\u00e9morables \u00e0 chaque fois.<\/p>\n\n\n\n<div style=\"height:5px\" aria-hidden=\"true\" class=\"wp-block-spacer\"><\/div>\n\n\n\n<p class=\"has-text-align-left has-text-color\" style=\"color:#010101;margin-top:0rem;font-size:clamp(0.875rem, 0.875rem + ((1vw - 0.2rem) * 0.245), 1.01rem);font-style:normal;font-weight:400;line-height:1.5\">Qu&rsquo;il s&rsquo;agisse de pr\u00e9parer la sc\u00e8ne pour des spectacles \u00e9lectrisants ou de cr\u00e9er l&rsquo;ambiance parfaite pour des occasions sp\u00e9ciales, nous sommes fiers de faire partie des moments inoubliables de nos clients.<\/p>\n\n\n\n<div style=\"height:5px\" aria-hidden=\"true\" class=\"wp-block-spacer\"><\/div>\n\n\n\n<p class=\"has-text-align-left has-text-color\" style=\"color:#010101;margin-top:0rem;font-size:clamp(0.875rem, 0.875rem + ((1vw - 0.2rem) * 0.245), 1.01rem);font-style:normal;font-weight:400;line-height:1.5\">Tout au long de notre parcours, nous nous engageons \u00e0 fournir un \u00e9quipement de la plus haute qualit\u00e9 et un service in\u00e9gal\u00e9, afin d&rsquo;assurer le succ\u00e8s de chaque \u00e9v\u00e9nement auquel nous participons.<\/p>\n<\/div>\n<\/div>\n<\/div>\n<\/section>\n\n\n\n<div class=\"wp-block-cover alignfull is-light\" style=\"padding-top:3.51rem;padding-right:0px;padding-bottom:2.01rem;padding-left:0px\"><span aria-hidden=\"true\" class=\"wp-block-cover__background has-background-dim-100 has-background-dim\" style=\"background-color:#fff3ea\"><\/span><div class=\"wp-block-cover__inner-container is-layout-flow wp-block-cover-is-layout-flow\">\n<div class=\"wp-block-group alignfull is-layout-flow wp-block-group-is-layout-flow\" style=\"margin-top:0px;margin-bottom:0px;padding-top:0rem;padding-right:1px;padding-bottom:2.01rem;padding-left:1px\">\n<div class=\"wp-block-columns alignfull is-layout-flex wp-container-core-columns-is-layout-3 wp-block-columns-is-layout-flex\" style=\"padding-top:0rem\">\n<div class=\"wp-block-column is-layout-flow wp-block-column-is-layout-flow\" style=\"padding-top:1rem;padding-right:0rem;padding-bottom:1rem;padding-left:0rem\">\n<div class=\"wp-block-columns is-layout-flex wp-container-core-columns-is-layout-2 wp-block-columns-is-layout-flex\">\n<div class=\"wp-block-column is-layout-flow wp-block-column-is-layout-flow\" style=\"flex-basis:100%\">\n<div class=\"wp-block-cover\" style=\"min-height:390px;aspect-ratio:unset;\"><span aria-hidden=\"true\" class=\"wp-block-cover__background has-black-background-color has-background-dim-30 has-background-dim\"><\/span><img loading=\"lazy\" decoding=\"async\" width=\"2000\" height=\"1500\" class=\"wp-block-cover__image-background wp-image-127\" alt=\"\" src=\"https:\/\/grooveboxpresta-fr.preview-domain.com\/wp-content\/uploads\/2024\/04\/368569463_2352498601598626_7204135960878727410_n-4.jpg\" data-object-fit=\"cover\" srcset=\"https:\/\/grooveboxpresta.fr\/wp-content\/uploads\/2024\/04\/368569463_2352498601598626_7204135960878727410_n-4.jpg 2000w, https:\/\/grooveboxpresta.fr\/wp-content\/uploads\/2024\/04\/368569463_2352498601598626_7204135960878727410_n-4-300x225.jpg 300w, https:\/\/grooveboxpresta.fr\/wp-content\/uploads\/2024\/04\/368569463_2352498601598626_7204135960878727410_n-4-1024x768.jpg 1024w, https:\/\/grooveboxpresta.fr\/wp-content\/uploads\/2024\/04\/368569463_2352498601598626_7204135960878727410_n-4-768x576.jpg 768w, https:\/\/grooveboxpresta.fr\/wp-content\/uploads\/2024\/04\/368569463_2352498601598626_7204135960878727410_n-4-1536x1152.jpg 1536w\" sizes=\"(max-width: 2000px) 100vw, 2000px\" \/><div class=\"wp-block-cover__inner-container is-layout-flow wp-block-cover-is-layout-flow\">\n<h3 class=\"wp-block-heading has-text-align-center has-text-color\" style=\"color:#fffffd;font-size:clamp(1.507rem, 1.507rem + ((1vw - 0.2rem) * 1.824), 2.51rem);\">Sonorisation<\/h3>\n<\/div><\/div>\n<\/div>\n<\/div>\n<\/div>\n\n\n\n<div class=\"wp-block-column is-layout-flow wp-block-column-is-layout-flow\" style=\"padding-top:1rem;padding-right:0rem;padding-bottom:1rem;padding-left:0rem\">\n<div class=\"wp-block-cover\" style=\"padding-right:0.51rem;padding-left:0.51rem;min-height:390px;aspect-ratio:unset;\"><span aria-hidden=\"true\" class=\"wp-block-cover__background has-black-background-color has-background-dim-20 has-background-dim\"><\/span><img loading=\"lazy\" decoding=\"async\" width=\"640\" height=\"960\" class=\"wp-block-cover__image-background wp-image-131\" alt=\"\" src=\"https:\/\/grooveboxpresta-fr.preview-domain.com\/wp-content\/uploads\/2024\/04\/joshua-hanson-1vD6QxzNHdM-unsplash-2.jpg\" style=\"object-position:46% 18%\" data-object-fit=\"cover\" data-object-position=\"46% 18%\" srcset=\"https:\/\/grooveboxpresta.fr\/wp-content\/uploads\/2024\/04\/joshua-hanson-1vD6QxzNHdM-unsplash-2.jpg 640w, https:\/\/grooveboxpresta.fr\/wp-content\/uploads\/2024\/04\/joshua-hanson-1vD6QxzNHdM-unsplash-2-200x300.jpg 200w\" sizes=\"(max-width: 640px) 100vw, 640px\" \/><div class=\"wp-block-cover__inner-container has-global-padding is-layout-constrained wp-block-cover-is-layout-constrained\">\n<h3 class=\"wp-block-heading has-text-align-center has-text-color\" style=\"color:#fffffd;font-size:clamp(1.507rem, 1.507rem + ((1vw - 0.2rem) * 1.824), 2.51rem);\">Eclairage<\/h3>\n<\/div><\/div>\n<\/div>\n\n\n\n<div class=\"wp-block-column is-layout-flow wp-block-column-is-layout-flow\" style=\"padding-top:1rem;padding-right:0rem;padding-bottom:1rem;padding-left:0rem\">\n<div class=\"wp-block-cover\" style=\"padding-right:0.51rem;padding-left:0.51rem;min-height:390px;aspect-ratio:unset;\"><span aria-hidden=\"true\" class=\"wp-block-cover__background has-black-background-color has-background-dim-30 has-background-dim\"><\/span><img loading=\"lazy\" decoding=\"async\" width=\"640\" height=\"960\" class=\"wp-block-cover__image-background wp-image-132\" alt=\"\" src=\"https:\/\/grooveboxpresta-fr.preview-domain.com\/wp-content\/uploads\/2024\/04\/jakob-owens-JN7PFqKAwzU-unsplash.jpg\" data-object-fit=\"cover\" srcset=\"https:\/\/grooveboxpresta.fr\/wp-content\/uploads\/2024\/04\/jakob-owens-JN7PFqKAwzU-unsplash.jpg 640w, https:\/\/grooveboxpresta.fr\/wp-content\/uploads\/2024\/04\/jakob-owens-JN7PFqKAwzU-unsplash-200x300.jpg 200w\" sizes=\"(max-width: 640px) 100vw, 640px\" \/><div class=\"wp-block-cover__inner-container has-global-padding is-layout-constrained wp-block-cover-is-layout-constrained\">\n<h3 class=\"wp-block-heading has-text-align-center has-text-color\" style=\"color:#fffffd;font-size:clamp(1.507rem, 1.507rem + ((1vw - 0.2rem) * 1.824), 2.51rem);\">Sc\u00e8nes<\/h3>\n<\/div><\/div>\n<\/div>\n\n\n\n<div class=\"wp-block-column is-layout-flow wp-block-column-is-layout-flow\" style=\"padding-top:1rem;padding-right:0rem;padding-bottom:1rem;padding-left:0rem\">\n<div class=\"wp-block-cover\" style=\"padding-right:0.51rem;padding-left:0.51rem;min-height:390px;aspect-ratio:unset;\"><span aria-hidden=\"true\" class=\"wp-block-cover__background has-black-background-color has-background-dim-20 has-background-dim\"><\/span><img loading=\"lazy\" decoding=\"async\" width=\"720\" height=\"1080\" class=\"wp-block-cover__image-background wp-image-130\" alt=\"\" src=\"https:\/\/grooveboxpresta-fr.preview-domain.com\/wp-content\/uploads\/2024\/04\/285163075_10225184495051957_370624953380425713_n-1.jpeg\" data-object-fit=\"cover\" srcset=\"https:\/\/grooveboxpresta.fr\/wp-content\/uploads\/2024\/04\/285163075_10225184495051957_370624953380425713_n-1.jpeg 720w, https:\/\/grooveboxpresta.fr\/wp-content\/uploads\/2024\/04\/285163075_10225184495051957_370624953380425713_n-1-200x300.jpeg 200w, https:\/\/grooveboxpresta.fr\/wp-content\/uploads\/2024\/04\/285163075_10225184495051957_370624953380425713_n-1-683x1024.jpeg 683w\" sizes=\"(max-width: 720px) 100vw, 720px\" \/><div class=\"wp-block-cover__inner-container has-global-padding is-layout-constrained wp-block-cover-is-layout-constrained\">\n<h3 class=\"wp-block-heading has-text-align-center has-text-color\" style=\"color:#fffffd;font-size:clamp(1.507rem, 1.507rem + ((1vw - 0.2rem) * 1.824), 2.51rem);\">Tentes<\/h3>\n<\/div><\/div>\n<\/div>\n<\/div>\n<\/div>\n<\/div><\/div>\n\n\n\n<section class=\"wp-block-group alignfull has-global-padding is-layout-constrained wp-container-core-group-is-layout-18 wp-block-group-is-layout-constrained\" style=\"margin-top:0px;padding-top:2.51rem;padding-right:1rem;padding-bottom:5.5rem;padding-left:1rem;font-size:clamp(0.875rem, 0.875rem + ((1vw - 0.2rem) * 0.464), 1.13rem);font-style:normal;font-weight:400;line-height:1.4\">\n<div class=\"wp-block-group alignwide has-global-padding is-layout-constrained wp-container-core-group-is-layout-17 wp-block-group-is-layout-constrained\">\n<div class=\"wp-block-group has-global-padding is-content-justification-left is-layout-constrained wp-container-core-group-is-layout-6 wp-block-group-is-layout-constrained\">\n<h2 class=\"wp-block-heading alignwide has-text-align-left has-text-color\" style=\"color:#010101;margin-top:2.01rem;margin-bottom:0rem;font-size:clamp(1.556rem, 1.556rem + ((1vw - 0.2rem) * 1.916), 2.61rem);font-style:normal;font-weight:500;line-height:1.3\">Aper\u00e7u des \u00e9v\u00e9nements<\/h2>\n<\/div>\n\n\n\n<div class=\"wp-block-columns is-layout-flex wp-container-core-columns-is-layout-4 wp-block-columns-is-layout-flex\" style=\"margin-top:2.51rem;margin-bottom:0px\">\n<div class=\"wp-block-column has-global-padding is-layout-constrained wp-container-core-column-is-layout-8 wp-block-column-is-layout-constrained\" style=\"padding-top:0px;padding-bottom:0px;padding-left:0rem\">\n<div class=\"wp-block-group has-text-color has-background is-vertical is-content-justification-center is-layout-flex wp-container-core-group-is-layout-8 wp-block-group-is-layout-flex\" style=\"color:#fffffd;background-color:#fffffd;padding-top:0px;padding-right:0px;padding-bottom:0px;padding-left:0px\">\n<figure class=\"wp-block-image size-full is-resized\"><img loading=\"lazy\" decoding=\"async\" width=\"640\" height=\"427\" src=\"https:\/\/grooveboxpresta-fr.preview-domain.com\/wp-content\/uploads\/2024\/04\/andy-makely-P6hU3GX8824-unsplash.jpg\" alt=\"\" class=\"wp-image-95\" style=\"width:709px;height:auto\" srcset=\"https:\/\/grooveboxpresta.fr\/wp-content\/uploads\/2024\/04\/andy-makely-P6hU3GX8824-unsplash.jpg 640w, https:\/\/grooveboxpresta.fr\/wp-content\/uploads\/2024\/04\/andy-makely-P6hU3GX8824-unsplash-300x200.jpg 300w\" sizes=\"(max-width: 640px) 100vw, 640px\" \/><\/figure>\n\n\n\n<div class=\"wp-block-group has-global-padding is-layout-constrained wp-container-core-group-is-layout-7 wp-block-group-is-layout-constrained\" style=\"padding-top:2.01rem;padding-right:0rem;padding-bottom:2.51rem;padding-left:0rem\">\n<p class=\"has-text-align-center has-text-color has-medium-font-size\" style=\"color:#df7b00;text-transform:uppercase\">Conseils pour les concerts<\/p>\n\n\n\n<h4 class=\"wp-block-heading has-text-align-center has-text-color\" style=\"color:#010101;margin-top:0.51rem;font-size:clamp(0.879rem, 0.879rem + ((1vw - 0.2rem) * 0.784), 1.31rem);font-style:normal;font-weight:400\">Ma\u00eetriser la sc\u00e8ne : conseils essentiels pour un concert inoubliable<\/h4>\n<\/div>\n<\/div>\n<\/div>\n\n\n\n<div class=\"wp-block-column has-global-padding is-layout-constrained wp-container-core-column-is-layout-9 wp-block-column-is-layout-constrained\" style=\"padding-top:0px;padding-bottom:0px;padding-left:0rem\">\n<div class=\"wp-block-group has-text-color has-background is-vertical is-content-justification-center is-layout-flex wp-container-core-group-is-layout-10 wp-block-group-is-layout-flex\" style=\"color:#fffffd;background-color:#fffffd;padding-top:0px;padding-right:0px;padding-bottom:0px;padding-left:0px\">\n<figure class=\"wp-block-image size-full is-resized\"><img loading=\"lazy\" decoding=\"async\" width=\"768\" height=\"1024\" src=\"https:\/\/grooveboxpresta-fr.preview-domain.com\/wp-content\/uploads\/2024\/04\/379647583_723553399603246_1551059530711902696_n.jpg\" alt=\"\" class=\"wp-image-90\" style=\"aspect-ratio:3\/2;object-fit:cover;width:709px;height:auto\" srcset=\"https:\/\/grooveboxpresta.fr\/wp-content\/uploads\/2024\/04\/379647583_723553399603246_1551059530711902696_n.jpg 768w, https:\/\/grooveboxpresta.fr\/wp-content\/uploads\/2024\/04\/379647583_723553399603246_1551059530711902696_n-225x300.jpg 225w\" sizes=\"(max-width: 768px) 100vw, 768px\" \/><\/figure>\n\n\n\n<div class=\"wp-block-group has-global-padding is-layout-constrained wp-container-core-group-is-layout-9 wp-block-group-is-layout-constrained\" style=\"padding-top:2.01rem;padding-right:0rem;padding-bottom:2.51rem;padding-left:0rem\">\n<p class=\"has-text-align-center has-text-color has-medium-font-size\" style=\"color:#df7b00;text-transform:uppercase\">Inspiration de mariage<\/p>\n\n\n\n<h4 class=\"wp-block-heading has-text-align-center has-text-color\" style=\"color:#010101;margin-top:0.51rem;font-size:clamp(0.879rem, 0.879rem + ((1vw - 0.2rem) * 0.784), 1.31rem);font-style:normal;font-weight:400\">Cr\u00e9er de la magie : des id\u00e9es lumineuses pour un mariage de r\u00eave<\/h4>\n<\/div>\n<\/div>\n<\/div>\n<\/div>\n\n\n\n<div class=\"wp-block-columns is-layout-flex wp-container-core-columns-is-layout-5 wp-block-columns-is-layout-flex\" style=\"margin-bottom:0px\">\n<div class=\"wp-block-column is-vertically-aligned-center has-global-padding is-layout-constrained wp-container-core-column-is-layout-10 wp-block-column-is-layout-constrained\" style=\"padding-top:0px;padding-bottom:0px;padding-left:0rem\">\n<div class=\"wp-block-group has-text-color has-background is-vertical is-content-justification-center is-layout-flex wp-container-core-group-is-layout-12 wp-block-group-is-layout-flex\" style=\"color:#fffffd;background-color:#fffffd;padding-top:0px;padding-right:0px;padding-bottom:0px;padding-left:0px\">\n<figure class=\"wp-block-image size-full is-resized\"><img loading=\"lazy\" decoding=\"async\" width=\"640\" height=\"427\" src=\"https:\/\/grooveboxpresta-fr.preview-domain.com\/wp-content\/uploads\/2024\/04\/denisse-leon-OVEWbIgffDk-unsplash.jpg\" alt=\"\" class=\"wp-image-96\" style=\"width:566px;height:auto\" srcset=\"https:\/\/grooveboxpresta.fr\/wp-content\/uploads\/2024\/04\/denisse-leon-OVEWbIgffDk-unsplash.jpg 640w, https:\/\/grooveboxpresta.fr\/wp-content\/uploads\/2024\/04\/denisse-leon-OVEWbIgffDk-unsplash-300x200.jpg 300w\" sizes=\"(max-width: 640px) 100vw, 640px\" \/><\/figure>\n\n\n\n<div class=\"wp-block-group has-global-padding is-layout-constrained wp-block-group-is-layout-constrained\" style=\"padding-top:2.01rem;padding-right:0rem;padding-bottom:2.51rem;padding-left:0rem\">\n<p class=\"has-text-align-center has-text-color has-medium-font-size\" style=\"color:#df7b00;text-transform:uppercase\">PRO Tech<\/p>\n\n\n\n<h4 class=\"wp-block-heading has-text-align-center has-text-color\" style=\"color:#010101;margin-top:0.51rem;font-size:clamp(0.879rem, 0.879rem + ((1vw - 0.2rem) * 0.784), 1.31rem);font-style:normal;font-weight:400\">L&rsquo;avenir des \u00e9v\u00e9nements : Exploiter la puissance de la technologie \u00e9v\u00e9nementielle<\/h4>\n<\/div>\n<\/div>\n<\/div>\n\n\n\n<div class=\"wp-block-column is-vertically-aligned-top has-global-padding is-layout-constrained wp-container-core-column-is-layout-11 wp-block-column-is-layout-constrained\" style=\"padding-top:0px;padding-bottom:0px;padding-left:0rem\">\n<div class=\"wp-block-group has-text-color has-background is-vertical is-content-justification-center is-layout-flex wp-container-core-group-is-layout-14 wp-block-group-is-layout-flex\" style=\"color:#fffffd;background-color:#fffffd;padding-top:0px;padding-right:0px;padding-bottom:0px;padding-left:0px\">\n<figure class=\"wp-block-image size-full is-resized\"><img loading=\"lazy\" decoding=\"async\" width=\"2048\" height=\"1365\" src=\"https:\/\/grooveboxpresta-fr.preview-domain.com\/wp-content\/uploads\/2024\/04\/352218245_804810521208338_4006089304381212491_n-2.jpeg\" alt=\"\" class=\"wp-image-92\" style=\"width:564px;height:auto\" srcset=\"https:\/\/grooveboxpresta.fr\/wp-content\/uploads\/2024\/04\/352218245_804810521208338_4006089304381212491_n-2.jpeg 2048w, https:\/\/grooveboxpresta.fr\/wp-content\/uploads\/2024\/04\/352218245_804810521208338_4006089304381212491_n-2-300x200.jpeg 300w, https:\/\/grooveboxpresta.fr\/wp-content\/uploads\/2024\/04\/352218245_804810521208338_4006089304381212491_n-2-1024x683.jpeg 1024w, https:\/\/grooveboxpresta.fr\/wp-content\/uploads\/2024\/04\/352218245_804810521208338_4006089304381212491_n-2-768x512.jpeg 768w, https:\/\/grooveboxpresta.fr\/wp-content\/uploads\/2024\/04\/352218245_804810521208338_4006089304381212491_n-2-1536x1024.jpeg 1536w\" sizes=\"(max-width: 2048px) 100vw, 2048px\" \/><\/figure>\n\n\n\n<div class=\"wp-block-group has-global-padding is-layout-constrained wp-block-group-is-layout-constrained\" style=\"padding-top:2.01rem;padding-right:0rem;padding-bottom:2.51rem;padding-left:0rem\">\n<p class=\"has-text-align-center has-text-color has-medium-font-size\" style=\"color:#df7b00;text-transform:uppercase\">Le plaisir du festival<\/p>\n\n\n\n<h4 class=\"wp-block-heading has-text-align-center has-text-color\" style=\"color:#010101;margin-top:0.51rem;font-size:clamp(0.879rem, 0.879rem + ((1vw - 0.2rem) * 0.784), 1.31rem);font-style:normal;font-weight:400\">Mise en valeur : Conseils d&rsquo;initi\u00e9s pour une exp\u00e9rience inoubliable en festival<\/h4>\n<\/div>\n<\/div>\n<\/div>\n\n\n\n<div class=\"wp-block-column is-vertically-aligned-center has-global-padding is-layout-constrained wp-container-core-column-is-layout-12 wp-block-column-is-layout-constrained\" style=\"padding-top:0px;padding-bottom:0px;padding-left:0rem\">\n<div class=\"wp-block-group has-text-color has-background is-vertical is-content-justification-center is-layout-flex wp-container-core-group-is-layout-16 wp-block-group-is-layout-flex\" style=\"color:#fffffd;background-color:#fffffd;padding-top:0px;padding-right:0px;padding-bottom:0px;padding-left:0px\">\n<figure class=\"wp-block-image size-full is-resized\"><img loading=\"lazy\" decoding=\"async\" width=\"640\" height=\"427\" src=\"https:\/\/grooveboxpresta-fr.preview-domain.com\/wp-content\/uploads\/2024\/04\/scott-graham-5fNmWej4tAA-unsplash-1.jpg\" alt=\"\" class=\"wp-image-97\" style=\"width:566px\" srcset=\"https:\/\/grooveboxpresta.fr\/wp-content\/uploads\/2024\/04\/scott-graham-5fNmWej4tAA-unsplash-1.jpg 640w, https:\/\/grooveboxpresta.fr\/wp-content\/uploads\/2024\/04\/scott-graham-5fNmWej4tAA-unsplash-1-300x200.jpg 300w\" sizes=\"(max-width: 640px) 100vw, 640px\" \/><\/figure>\n\n\n\n<div class=\"wp-block-group has-global-padding is-layout-constrained wp-block-group-is-layout-constrained\" style=\"padding-top:2.01rem;padding-right:0rem;padding-bottom:2.51rem;padding-left:0rem\">\n<p class=\"has-text-align-center has-text-color has-medium-font-size\" style=\"color:#df7b00;text-transform:uppercase\">Planification d&rsquo;\u00e9v\u00e9nements<\/p>\n\n\n\n<h4 class=\"wp-block-heading has-text-align-center has-text-color\" style=\"color:#010101;margin-top:0.51rem;font-size:clamp(0.879rem, 0.879rem + ((1vw - 0.2rem) * 0.784), 1.31rem);font-style:normal;font-weight:400\">Ma\u00eetriser l&rsquo;art : Conseils essentiels pour une planification d&rsquo;\u00e9v\u00e9nements sans faille<\/h4>\n<\/div>\n<\/div>\n<\/div>\n<\/div>\n<\/div>\n<\/section>\n","protected":false},"excerpt":{"rendered":"<p>Un voyage vers l&rsquo;excellence Chez Groove box presta, nous sommes n\u00e9s d&rsquo;une passion pour l&rsquo;organisation d&rsquo;\u00e9v\u00e9nements inoubliables. Nous mettons \u00e0 votre disposition nos comp\u00e9tences pour une large gamme d&rsquo;\u00e9v\u00e9nements, tel que les concerts, les festivals, les mariages, les conf\u00e9rences, les productions th\u00e9\u00e2trales et les clubs. Gr\u00e2ce \u00e0 notre sens du d\u00e9tail et \u00e0 notre volont\u00e9 [&hellip;]<\/p>\n","protected":false},"author":1,"featured_media":0,"parent":0,"menu_order":0,"comment_status":"closed","ping_status":"closed","template":"","meta":{"footnotes":""},"_links":{"self":[{"href":"https:\/\/grooveboxpresta.fr\/index.php?rest_route=\/wp\/v2\/pages\/10"}],"collection":[{"href":"https:\/\/grooveboxpresta.fr\/index.php?rest_route=\/wp\/v2\/pages"}],"about":[{"href":"https:\/\/grooveboxpresta.fr\/index.php?rest_route=\/wp\/v2\/types\/page"}],"author":[{"embeddable":true,"href":"https:\/\/grooveboxpresta.fr\/index.php?rest_route=\/wp\/v2\/users\/1"}],"replies":[{"embeddable":true,"href":"https:\/\/grooveboxpresta.fr\/index.php?rest_route=%2Fwp%2Fv2%2Fcomments&post=10"}],"version-history":[{"count":86,"href":"https:\/\/grooveboxpresta.fr\/index.php?rest_route=\/wp\/v2\/pages\/10\/revisions"}],"predecessor-version":[{"id":619,"href":"https:\/\/grooveboxpresta.fr\/index.php?rest_route=\/wp\/v2\/pages\/10\/revisions\/619"}],"wp:attachment":[{"href":"https:\/\/grooveboxpresta.fr\/index.php?rest_route=%2Fwp%2Fv2%2Fmedia&parent=10"}],"curies":[{"name":"wp","href":"https:\/\/api.w.org\/{rel}","templated":true}]}}