{"id":15,"date":"2024-04-08T22:57:07","date_gmt":"2024-04-08T20:57:07","guid":{"rendered":"https:\/\/grooveboxpresta.fr\/?page_id=15"},"modified":"2024-04-11T04:03:29","modified_gmt":"2024-04-11T02:03:29","slug":"a-propos","status":"publish","type":"page","link":"https:\/\/grooveboxpresta.fr\/?page_id=15","title":{"rendered":"A propos"},"content":{"rendered":"\n<div class=\"wp-block-cover alignfull is-light\" style=\"margin-top:0;margin-bottom:0;padding-top:0px;padding-bottom:80px;min-height:300px;aspect-ratio:unset;\"><span aria-hidden=\"true\" class=\"wp-block-cover__background has-background-dim-0 has-background-dim\" style=\"background-color:#e9ceb0\"><\/span><img decoding=\"async\" class=\"wp-block-cover__image-background wp-image-4206\" alt=\"\" src=\"https:\/\/tyler.com\/wp-content\/uploads\/2023\/12\/surf-banner1.jpg\" style=\"object-position:100% 50%\" data-object-fit=\"cover\" data-object-position=\"100% 50%\"\/><div class=\"wp-block-cover__inner-container has-global-padding is-layout-constrained wp-container-core-cover-is-layout-1 wp-block-cover-is-layout-constrained\">\n<div style=\"height:150px\" aria-hidden=\"true\" class=\"wp-block-spacer\"><\/div>\n\n\n\n<h1 class=\"wp-block-heading has-text-align-center has-text-color has-link-color wp-elements-1a0b6a0f9997ad9480537df5c6eefbfc\" style=\"color:#ffffff;font-size:clamp(38.682px, 2.418rem + ((1vw - 3.2px) * 3.786), 72px);\">\u00c9v\u00e9nements uniques<\/h1>\n<\/div><\/div>\n\n\n\n<section class=\"wp-block-group alignfull has-global-padding is-layout-constrained wp-container-core-group-is-layout-1 wp-block-group-is-layout-constrained\" style=\"margin-top:0px;padding-top:6rem;padding-right:1rem;padding-bottom:5rem;padding-left:1rem;font-size:clamp(0.875rem, 0.875rem + ((1vw - 0.2rem) * 0.464), 1.13rem);font-style:normal;font-weight:400;line-height:1.4\">\n<div class=\"wp-block-columns is-layout-flex wp-container-core-columns-is-layout-1 wp-block-columns-is-layout-flex\" style=\"margin-bottom:0px\">\n<div class=\"wp-block-column is-vertically-aligned-center is-layout-flow wp-block-column-is-layout-flow\" style=\"flex-basis:50%\">\n<figure class=\"wp-block-image alignleft size-full has-custom-border\"><img loading=\"lazy\" decoding=\"async\" width=\"2048\" height=\"2048\" src=\"https:\/\/grooveboxpresta-fr.preview-domain.com\/wp-content\/uploads\/2024\/04\/354217323_10159844602453075_986147569600150000_n-1.jpg\" alt=\"\" class=\"wp-image-48\" style=\"border-radius:60px;aspect-ratio:1;object-fit:cover\" srcset=\"https:\/\/grooveboxpresta.fr\/wp-content\/uploads\/2024\/04\/354217323_10159844602453075_986147569600150000_n-1.jpg 2048w, https:\/\/grooveboxpresta.fr\/wp-content\/uploads\/2024\/04\/354217323_10159844602453075_986147569600150000_n-1-300x300.jpg 300w, https:\/\/grooveboxpresta.fr\/wp-content\/uploads\/2024\/04\/354217323_10159844602453075_986147569600150000_n-1-1024x1024.jpg 1024w, https:\/\/grooveboxpresta.fr\/wp-content\/uploads\/2024\/04\/354217323_10159844602453075_986147569600150000_n-1-150x150.jpg 150w, https:\/\/grooveboxpresta.fr\/wp-content\/uploads\/2024\/04\/354217323_10159844602453075_986147569600150000_n-1-768x768.jpg 768w, https:\/\/grooveboxpresta.fr\/wp-content\/uploads\/2024\/04\/354217323_10159844602453075_986147569600150000_n-1-1536x1536.jpg 1536w\" sizes=\"(max-width: 2048px) 100vw, 2048px\" \/><\/figure>\n<\/div>\n\n\n\n<div class=\"wp-block-column is-vertically-aligned-center has-global-padding is-layout-constrained wp-container-core-column-is-layout-2 wp-block-column-is-layout-constrained\" style=\"flex-basis:50%\">\n<h3 class=\"wp-block-heading has-text-align-left has-text-color has-suranna-font-family\" style=\"color:#000000;margin-top:0.5rem;margin-bottom:0rem;font-size:clamp(24.034px, 1.502rem + ((1vw - 3.2px) * 1.814), 40px);font-style:normal;font-weight:500;letter-spacing:0px;line-height:1.3\">Donner vie \u00e0 des exp\u00e9riences inoubliables<\/h3>\n\n\n\n<p class=\"has-text-align-left has-text-color has-pontano-sans-font-family\" style=\"color:#000000;margin-top:20px;margin-bottom:20px;font-size:clamp(14px, 0.875rem + ((1vw - 3.2px) * 0.455), 18px);font-style:normal;font-weight:400;line-height:1.5\">Nous sommes passionn\u00e9s par notre m\u00e9tier.                                             Nous vivons et respirons pour le plaisir de donner vie \u00e0 des \u00e9v\u00e9nements et de voir la joie qu&rsquo;ils procurent \u00e0 nos clients et \u00e0 leurs invit\u00e9s.                                                                          Avec un sens aigu du d\u00e9tail et un souci de perfection, nous mettons tout notre c\u0153ur dans chaque concert, festival, mariage, conf\u00e9rence, production th\u00e9\u00e2trale ou soir\u00e9e clubbing.                                                                                 Notre objectif est de faire de chaque occasion un moment extraordinaire dont vous vous souviendrez toute votre vie.<\/p>\n<\/div>\n<\/div>\n<\/section>\n\n\n\n<section class=\"wp-block-group alignfull has-global-padding is-layout-constrained wp-container-core-group-is-layout-2 wp-block-group-is-layout-constrained\" style=\"margin-top:0px;padding-top:6rem;padding-right:1rem;padding-bottom:6rem;padding-left:1rem;font-size:clamp(0.875rem, 0.875rem + ((1vw - 0.2rem) * 0.464), 1.13rem);font-style:normal;font-weight:400;line-height:1.4\">\n<div class=\"wp-block-columns is-layout-flex wp-container-core-columns-is-layout-2 wp-block-columns-is-layout-flex\" style=\"margin-bottom:0px\">\n<div class=\"wp-block-column is-vertically-aligned-center has-global-padding is-layout-constrained wp-container-core-column-is-layout-3 wp-block-column-is-layout-constrained\" style=\"flex-basis:50%\">\n<h3 class=\"wp-block-heading has-text-align-left has-text-color has-suranna-font-family\" style=\"color:#010101;margin-top:0.5rem;margin-bottom:0rem;font-size:clamp(24.034px, 1.502rem + ((1vw - 3.2px) * 1.814), 40px);font-style:normal;font-weight:500;letter-spacing:0px;line-height:1.3\">Notre approche<\/h3>\n\n\n\n<p class=\"has-text-align-left has-text-color has-pontano-sans-font-family\" style=\"color:#010101;margin-top:20px;margin-bottom:20px;font-size:clamp(14px, 0.875rem + ((1vw - 3.2px) * 0.455), 18px);font-style:normal;font-weight:400;line-height:1.5\">Notre approche consiste \u00e0 comprendre votre vision et \u00e0 lui donner vie avec une expertise et un d\u00e9vouement sans \u00e9gal. Nous privil\u00e9gions la cr\u00e9ativit\u00e9, la fiabilit\u00e9 et l&rsquo;excellence dans tous les aspects de notre service, en veillant \u00e0 ce que votre \u00e9v\u00e9nement se d\u00e9roule de mani\u00e8re impeccable.                      En mettant l&rsquo;accent sur l&rsquo;innovation et en nous engageant \u00e0 d\u00e9passer les attentes, nous sommes d\u00e9termin\u00e9s \u00e0 offrir une exp\u00e9rience qui laissera un souvenir inoubliable.<\/p>\n<\/div>\n\n\n\n<div class=\"wp-block-column is-vertically-aligned-center is-layout-flow wp-block-column-is-layout-flow\" style=\"flex-basis:50%\">\n<figure class=\"wp-block-image alignright size-full has-custom-border\"><img loading=\"lazy\" decoding=\"async\" width=\"2048\" height=\"1366\" src=\"https:\/\/grooveboxpresta-fr.preview-domain.com\/wp-content\/uploads\/2024\/04\/182997859_10222979422726527_5869767666342894900_n-2.jpg\" alt=\"\" class=\"has-border-color has-tertiary-border-color wp-image-116\" style=\"border-width:1px;border-radius:60px;aspect-ratio:1;object-fit:cover\" srcset=\"https:\/\/grooveboxpresta.fr\/wp-content\/uploads\/2024\/04\/182997859_10222979422726527_5869767666342894900_n-2.jpg 2048w, https:\/\/grooveboxpresta.fr\/wp-content\/uploads\/2024\/04\/182997859_10222979422726527_5869767666342894900_n-2-300x200.jpg 300w, https:\/\/grooveboxpresta.fr\/wp-content\/uploads\/2024\/04\/182997859_10222979422726527_5869767666342894900_n-2-1024x683.jpg 1024w, https:\/\/grooveboxpresta.fr\/wp-content\/uploads\/2024\/04\/182997859_10222979422726527_5869767666342894900_n-2-768x512.jpg 768w, https:\/\/grooveboxpresta.fr\/wp-content\/uploads\/2024\/04\/182997859_10222979422726527_5869767666342894900_n-2-1536x1025.jpg 1536w\" sizes=\"(max-width: 2048px) 100vw, 2048px\" \/><\/figure>\n<\/div>\n<\/div>\n<\/section>\n\n\n\n<section class=\"wp-block-cover alignfull\" style=\"margin-top:0px;padding-top:1.01rem;padding-bottom:1.01rem;min-height:430px;aspect-ratio:unset;\"><span aria-hidden=\"true\" class=\"wp-block-cover__background has-black-background-color has-background-dim-20 has-background-dim\"><\/span><img loading=\"lazy\" decoding=\"async\" width=\"2048\" height=\"1365\" class=\"wp-block-cover__image-background wp-image-51\" alt=\"\" src=\"https:\/\/grooveboxpresta-fr.preview-domain.com\/wp-content\/uploads\/2024\/04\/353840444_1101987734043978_4830235086022419229_n.jpeg\" data-object-fit=\"cover\" srcset=\"https:\/\/grooveboxpresta.fr\/wp-content\/uploads\/2024\/04\/353840444_1101987734043978_4830235086022419229_n.jpeg 2048w, https:\/\/grooveboxpresta.fr\/wp-content\/uploads\/2024\/04\/353840444_1101987734043978_4830235086022419229_n-300x200.jpeg 300w, https:\/\/grooveboxpresta.fr\/wp-content\/uploads\/2024\/04\/353840444_1101987734043978_4830235086022419229_n-1024x683.jpeg 1024w, https:\/\/grooveboxpresta.fr\/wp-content\/uploads\/2024\/04\/353840444_1101987734043978_4830235086022419229_n-768x512.jpeg 768w, https:\/\/grooveboxpresta.fr\/wp-content\/uploads\/2024\/04\/353840444_1101987734043978_4830235086022419229_n-1536x1024.jpeg 1536w\" sizes=\"(max-width: 2048px) 100vw, 2048px\" \/><div class=\"wp-block-cover__inner-container has-global-padding is-layout-constrained wp-container-core-cover-is-layout-2 wp-block-cover-is-layout-constrained\">\n<div class=\"wp-block-group has-text-color is-layout-flow wp-block-group-is-layout-flow\" style=\"color:#fffffd;margin-top:0px;padding-top:0rem;padding-right:1rem;padding-bottom:0rem;padding-left:1rem;font-size:clamp(0.875rem, 0.875rem + ((1vw - 0.2rem) * 0.464), 1.13rem);font-style:normal;font-weight:400;line-height:1.4\">\n<div class=\"wp-block-group has-global-padding is-layout-constrained wp-container-core-group-is-layout-3 wp-block-group-is-layout-constrained\">\n<p class=\"has-text-align-center has-text-color\" style=\"color:#fffffd;margin-bottom:0rem;font-size:clamp(1.507rem, 1.507rem + ((1vw - 0.2rem) * 1.824), 2.51rem);font-style:normal;font-weight:400;line-height:1.2\">Transformez vos \u00e9v\u00e9nements en exp\u00e9riences inoubliables<\/p>\n<\/div>\n\n\n\n<div class=\"wp-block-group is-vertical is-content-justification-stretch is-layout-flex wp-container-core-group-is-layout-4 wp-block-group-is-layout-flex\" style=\"margin-top:1.81rem;padding-right:0px;padding-left:0px\"><\/div>\n<\/div>\n<\/div><\/section>\n","protected":false},"excerpt":{"rendered":"<p>Donner vie \u00e0 des exp\u00e9riences inoubliables Nous sommes passionn\u00e9s par notre m\u00e9tier. Nous vivons et respirons pour le plaisir de donner vie \u00e0 des \u00e9v\u00e9nements et de voir la joie qu&rsquo;ils procurent \u00e0 nos clients et \u00e0 leurs invit\u00e9s. Avec un sens aigu du d\u00e9tail et un souci de perfection, nous mettons tout notre c\u0153ur [&hellip;]<\/p>\n","protected":false},"author":1,"featured_media":0,"parent":0,"menu_order":0,"comment_status":"closed","ping_status":"closed","template":"","meta":{"footnotes":""},"_links":{"self":[{"href":"https:\/\/grooveboxpresta.fr\/index.php?rest_route=\/wp\/v2\/pages\/15"}],"collection":[{"href":"https:\/\/grooveboxpresta.fr\/index.php?rest_route=\/wp\/v2\/pages"}],"about":[{"href":"https:\/\/grooveboxpresta.fr\/index.php?rest_route=\/wp\/v2\/types\/page"}],"author":[{"embeddable":true,"href":"https:\/\/grooveboxpresta.fr\/index.php?rest_route=\/wp\/v2\/users\/1"}],"replies":[{"embeddable":true,"href":"https:\/\/grooveboxpresta.fr\/index.php?rest_route=%2Fwp%2Fv2%2Fcomments&post=15"}],"version-history":[{"count":15,"href":"https:\/\/grooveboxpresta.fr\/index.php?rest_route=\/wp\/v2\/pages\/15\/revisions"}],"predecessor-version":[{"id":445,"href":"https:\/\/grooveboxpresta.fr\/index.php?rest_route=\/wp\/v2\/pages\/15\/revisions\/445"}],"wp:attachment":[{"href":"https:\/\/grooveboxpresta.fr\/index.php?rest_route=%2Fwp%2Fv2%2Fmedia&parent=15"}],"curies":[{"name":"wp","href":"https:\/\/api.w.org\/{rel}","templated":true}]}}