{"id":172,"date":"2024-04-09T14:01:33","date_gmt":"2024-04-09T12:01:33","guid":{"rendered":"https:\/\/grooveboxpresta.fr\/?page_id=172"},"modified":"2025-03-20T13:44:07","modified_gmt":"2025-03-20T12:44:07","slug":"portfolio","status":"publish","type":"page","link":"https:\/\/grooveboxpresta.fr\/?page_id=172","title":{"rendered":"Portfolio"},"content":{"rendered":"\n<div class=\"wp-block-cover alignfull is-light\" style=\"margin-top:0;margin-bottom:0;padding-top:0px;padding-bottom:80px;min-height:300px;aspect-ratio:unset;\"><span aria-hidden=\"true\" class=\"wp-block-cover__background has-background-dim-0 has-background-dim\" style=\"background-color:#e9ceb0\"><\/span><img decoding=\"async\" class=\"wp-block-cover__image-background wp-image-4206\" alt=\"\" src=\"https:\/\/tyler.com\/wp-content\/uploads\/2023\/12\/surf-banner1.jpg\" style=\"object-position:100% 50%\" data-object-fit=\"cover\" data-object-position=\"100% 50%\"\/><div class=\"wp-block-cover__inner-container has-global-padding is-layout-constrained wp-container-core-cover-is-layout-1 wp-block-cover-is-layout-constrained\">\n<div style=\"height:150px\" aria-hidden=\"true\" class=\"wp-block-spacer\"><\/div>\n\n\n\n<h1 class=\"wp-block-heading has-text-align-center has-text-color has-link-color has-suranna-font-family wp-elements-bd91e42b49f6ddd9b1aa304be426763a\" style=\"color:#ffffff;font-size:clamp(38.682px, 2.418rem + ((1vw - 3.2px) * 3.786), 72px);font-style:normal;font-weight:500\">Photos<\/h1>\n<\/div><\/div>\n\n\n\n<section class=\"wp-block-group alignfull has-text-color has-global-padding is-layout-constrained wp-container-core-group-is-layout-7 wp-block-group-is-layout-constrained\" style=\"border-style:none;border-width:0px;color:#3e3e3e;margin-top:0px;padding-top:4rem;padding-right:1rem;padding-bottom:4rem;padding-left:1rem;font-size:clamp(0.875rem, 0.875rem + ((1vw - 0.2rem) * 0.464), 1.13rem);font-style:normal;font-weight:400;line-height:1.4\">\n<div class=\"wp-block-columns is-layout-flex wp-container-core-columns-is-layout-1 wp-block-columns-is-layout-flex\" style=\"padding-top:2rem;padding-right:0px;padding-bottom:0;padding-left:0px\">\n<div class=\"wp-block-column is-layout-flow wp-block-column-is-layout-flow\" style=\"padding-top:1rem;padding-bottom:1rem\">\n<div class=\"wp-block-group has-global-padding is-layout-constrained wp-container-core-group-is-layout-1 wp-block-group-is-layout-constrained\">\n<figure class=\"wp-block-image aligncenter size-full is-resized\"><a href=\"https:\/\/grooveboxpresta.fr\/?page_id=491\"><img loading=\"lazy\" decoding=\"async\" width=\"720\" height=\"349\" src=\"https:\/\/grooveboxpresta-fr.preview-domain.com\/wp-content\/uploads\/2024\/04\/FB_IMG_1534441369242.jpg\" alt=\"\" class=\"wp-image-467\" style=\"aspect-ratio:1.5;object-fit:cover;width:323px;height:auto\" srcset=\"https:\/\/grooveboxpresta.fr\/wp-content\/uploads\/2024\/04\/FB_IMG_1534441369242.jpg 720w, https:\/\/grooveboxpresta.fr\/wp-content\/uploads\/2024\/04\/FB_IMG_1534441369242-300x145.jpg 300w\" sizes=\"(max-width: 720px) 100vw, 720px\" \/><\/a><\/figure>\n\n\n\n<h4 class=\"wp-block-heading has-text-align-center has-text-color has-link-color wp-elements-fe68edac3995a933d8f004d3d9a54776\" style=\"color:#3e3e3e;font-size:clamp(0.984rem, 0.984rem + ((1vw - 0.2rem) * 0.938), 1.5rem);font-style:normal;font-weight:400;text-decoration:none;text-transform:uppercase\">Sonorisation<\/h4>\n\n\n\n<p><\/p>\n<\/div>\n<\/div>\n\n\n\n<div class=\"wp-block-column is-layout-flow wp-block-column-is-layout-flow\" style=\"padding-top:1rem;padding-bottom:1rem\">\n<div class=\"wp-block-group has-global-padding is-layout-constrained wp-container-core-group-is-layout-2 wp-block-group-is-layout-constrained\">\n<figure class=\"wp-block-image aligncenter size-full is-resized\"><a href=\"https:\/\/grooveboxpresta.fr\/?page_id=542\"><img loading=\"lazy\" decoding=\"async\" width=\"2048\" height=\"1366\" src=\"https:\/\/grooveboxpresta-fr.preview-domain.com\/wp-content\/uploads\/2024\/04\/305385237_434785178631716_5326670749133893612_n-1.jpeg\" alt=\"\" class=\"wp-image-475\" style=\"aspect-ratio:1.5;object-fit:cover;width:320px;height:auto\" srcset=\"https:\/\/grooveboxpresta.fr\/wp-content\/uploads\/2024\/04\/305385237_434785178631716_5326670749133893612_n-1.jpeg 2048w, https:\/\/grooveboxpresta.fr\/wp-content\/uploads\/2024\/04\/305385237_434785178631716_5326670749133893612_n-1-300x200.jpeg 300w, https:\/\/grooveboxpresta.fr\/wp-content\/uploads\/2024\/04\/305385237_434785178631716_5326670749133893612_n-1-1024x683.jpeg 1024w, https:\/\/grooveboxpresta.fr\/wp-content\/uploads\/2024\/04\/305385237_434785178631716_5326670749133893612_n-1-768x512.jpeg 768w, https:\/\/grooveboxpresta.fr\/wp-content\/uploads\/2024\/04\/305385237_434785178631716_5326670749133893612_n-1-1536x1025.jpeg 1536w\" sizes=\"(max-width: 2048px) 100vw, 2048px\" \/><\/a><\/figure>\n\n\n\n<h4 class=\"wp-block-heading has-text-align-center has-text-color has-link-color wp-elements-4e8c293677863170e0fad227e3f9e7fd\" style=\"color:#3e3e3e;font-size:clamp(0.984rem, 0.984rem + ((1vw - 0.2rem) * 0.938), 1.5rem);font-style:normal;font-weight:400;text-decoration:none;text-transform:uppercase\">Lumi\u00e8re<\/h4>\n\n\n\n<p><\/p>\n<\/div>\n<\/div>\n<\/div>\n\n\n\n<div class=\"wp-block-columns is-layout-flex wp-container-core-columns-is-layout-2 wp-block-columns-is-layout-flex\" style=\"padding-top:2rem;padding-right:0px;padding-bottom:0;padding-left:0px\">\n<div class=\"wp-block-column is-layout-flow wp-container-core-column-is-layout-3 wp-block-column-is-layout-flow\" style=\"padding-top:1rem;padding-bottom:1rem\">\n<div class=\"wp-block-group has-global-padding is-layout-constrained wp-container-core-group-is-layout-3 wp-block-group-is-layout-constrained\" style=\"margin-top:0;margin-bottom:0\">\n<figure class=\"wp-block-image aligncenter size-full is-resized\"><img loading=\"lazy\" decoding=\"async\" width=\"2048\" height=\"1152\" src=\"https:\/\/grooveboxpresta-fr.preview-domain.com\/wp-content\/uploads\/2024\/04\/386229682_10161175665483713_6255807311733402724_n-1.jpeg\" alt=\"\" class=\"wp-image-460\" style=\"aspect-ratio:1.5;object-fit:cover;width:323px;height:auto\" srcset=\"https:\/\/grooveboxpresta.fr\/wp-content\/uploads\/2024\/04\/386229682_10161175665483713_6255807311733402724_n-1.jpeg 2048w, https:\/\/grooveboxpresta.fr\/wp-content\/uploads\/2024\/04\/386229682_10161175665483713_6255807311733402724_n-1-300x169.jpeg 300w, https:\/\/grooveboxpresta.fr\/wp-content\/uploads\/2024\/04\/386229682_10161175665483713_6255807311733402724_n-1-1024x576.jpeg 1024w, https:\/\/grooveboxpresta.fr\/wp-content\/uploads\/2024\/04\/386229682_10161175665483713_6255807311733402724_n-1-768x432.jpeg 768w, https:\/\/grooveboxpresta.fr\/wp-content\/uploads\/2024\/04\/386229682_10161175665483713_6255807311733402724_n-1-1536x864.jpeg 1536w\" sizes=\"(max-width: 2048px) 100vw, 2048px\" \/><\/figure>\n\n\n\n<h4 class=\"wp-block-heading has-text-align-center has-text-color has-link-color wp-elements-ff87ce8a9c7eecf2d6857c093e4e9fac\" style=\"color:#3e3e3e;font-size:clamp(0.984rem, 0.984rem + ((1vw - 0.2rem) * 0.938), 1.5rem);font-style:normal;font-weight:400;text-decoration:none;text-transform:uppercase\">sc\u00e8nes<\/h4>\n<\/div>\n<\/div>\n\n\n\n<div class=\"wp-block-column is-layout-flow wp-block-column-is-layout-flow\" style=\"padding-top:1rem;padding-bottom:1rem\">\n<div class=\"wp-block-group has-global-padding is-layout-constrained wp-container-core-group-is-layout-4 wp-block-group-is-layout-constrained\">\n<figure class=\"wp-block-image aligncenter size-full is-resized\"><img loading=\"lazy\" decoding=\"async\" width=\"2048\" height=\"1365\" src=\"https:\/\/grooveboxpresta-fr.preview-domain.com\/wp-content\/uploads\/2024\/04\/382842290_283639284432668_1484637353073502789_n.jpeg\" alt=\"\" class=\"wp-image-210\" style=\"aspect-ratio:1.5;object-fit:cover;width:321px;height:auto\" srcset=\"https:\/\/grooveboxpresta.fr\/wp-content\/uploads\/2024\/04\/382842290_283639284432668_1484637353073502789_n.jpeg 2048w, https:\/\/grooveboxpresta.fr\/wp-content\/uploads\/2024\/04\/382842290_283639284432668_1484637353073502789_n-300x200.jpeg 300w, https:\/\/grooveboxpresta.fr\/wp-content\/uploads\/2024\/04\/382842290_283639284432668_1484637353073502789_n-1024x683.jpeg 1024w, https:\/\/grooveboxpresta.fr\/wp-content\/uploads\/2024\/04\/382842290_283639284432668_1484637353073502789_n-768x512.jpeg 768w, https:\/\/grooveboxpresta.fr\/wp-content\/uploads\/2024\/04\/382842290_283639284432668_1484637353073502789_n-1536x1024.jpeg 1536w\" sizes=\"(max-width: 2048px) 100vw, 2048px\" \/><\/figure>\n\n\n\n<h4 class=\"wp-block-heading has-text-align-center has-text-color has-link-color wp-elements-5ec55abacd75954740027b9e45cf45f2\" style=\"color:#3e3e3e;font-size:clamp(0.984rem, 0.984rem + ((1vw - 0.2rem) * 0.938), 1.5rem);font-style:normal;font-weight:400;text-decoration:none;text-transform:uppercase\">Tentes<\/h4>\n<\/div>\n<\/div>\n<\/div>\n\n\n\n<div class=\"wp-block-columns is-layout-flex wp-container-core-columns-is-layout-3 wp-block-columns-is-layout-flex\" style=\"padding-top:2rem;padding-right:0px;padding-bottom:0;padding-left:0px\">\n<div class=\"wp-block-column is-layout-flow wp-container-core-column-is-layout-5 wp-block-column-is-layout-flow\" style=\"padding-top:1rem;padding-bottom:1rem\">\n<div class=\"wp-block-group has-global-padding is-layout-constrained wp-container-core-group-is-layout-5 wp-block-group-is-layout-constrained\" style=\"margin-top:0;margin-bottom:0\">\n<figure class=\"wp-block-image aligncenter size-full is-resized\"><img loading=\"lazy\" decoding=\"async\" width=\"2048\" height=\"1366\" src=\"https:\/\/grooveboxpresta-fr.preview-domain.com\/wp-content\/uploads\/2024\/04\/305204038_434786621964905_1155489702847811212_n.jpeg\" alt=\"\" class=\"wp-image-486\" style=\"aspect-ratio:1.5;object-fit:cover;width:323px;height:auto\" srcset=\"https:\/\/grooveboxpresta.fr\/wp-content\/uploads\/2024\/04\/305204038_434786621964905_1155489702847811212_n.jpeg 2048w, https:\/\/grooveboxpresta.fr\/wp-content\/uploads\/2024\/04\/305204038_434786621964905_1155489702847811212_n-300x200.jpeg 300w, https:\/\/grooveboxpresta.fr\/wp-content\/uploads\/2024\/04\/305204038_434786621964905_1155489702847811212_n-1024x683.jpeg 1024w, https:\/\/grooveboxpresta.fr\/wp-content\/uploads\/2024\/04\/305204038_434786621964905_1155489702847811212_n-768x512.jpeg 768w, https:\/\/grooveboxpresta.fr\/wp-content\/uploads\/2024\/04\/305204038_434786621964905_1155489702847811212_n-1536x1025.jpeg 1536w\" sizes=\"(max-width: 2048px) 100vw, 2048px\" \/><\/figure>\n\n\n\n<h4 class=\"wp-block-heading has-text-align-center has-text-color has-link-color wp-elements-70ca9da805915f77e7ed9265504e658f\" style=\"color:#3e3e3e;font-size:clamp(0.984rem, 0.984rem + ((1vw - 0.2rem) * 0.938), 1.5rem);font-style:normal;font-weight:400;text-decoration:none;text-transform:uppercase\">D\u00e9co &amp; mapping<\/h4>\n<\/div>\n<\/div>\n\n\n\n<div class=\"wp-block-column is-layout-flow wp-block-column-is-layout-flow\" style=\"padding-top:1rem;padding-bottom:1rem\">\n<div class=\"wp-block-group has-global-padding is-layout-constrained wp-container-core-group-is-layout-6 wp-block-group-is-layout-constrained\">\n<figure class=\"wp-block-image aligncenter size-full is-resized\"><img loading=\"lazy\" decoding=\"async\" width=\"2048\" height=\"1368\" src=\"https:\/\/grooveboxpresta-fr.preview-domain.com\/wp-content\/uploads\/2024\/04\/378382073_814067957386923_7224300898230102040_n-1.jpeg\" alt=\"\" class=\"wp-image-485\" style=\"aspect-ratio:1.5;object-fit:cover;width:321px;height:auto\" srcset=\"https:\/\/grooveboxpresta.fr\/wp-content\/uploads\/2024\/04\/378382073_814067957386923_7224300898230102040_n-1.jpeg 2048w, https:\/\/grooveboxpresta.fr\/wp-content\/uploads\/2024\/04\/378382073_814067957386923_7224300898230102040_n-1-300x200.jpeg 300w, https:\/\/grooveboxpresta.fr\/wp-content\/uploads\/2024\/04\/378382073_814067957386923_7224300898230102040_n-1-1024x684.jpeg 1024w, https:\/\/grooveboxpresta.fr\/wp-content\/uploads\/2024\/04\/378382073_814067957386923_7224300898230102040_n-1-768x513.jpeg 768w, https:\/\/grooveboxpresta.fr\/wp-content\/uploads\/2024\/04\/378382073_814067957386923_7224300898230102040_n-1-1536x1026.jpeg 1536w\" sizes=\"(max-width: 2048px) 100vw, 2048px\" \/><\/figure>\n\n\n\n<h4 class=\"wp-block-heading has-text-align-center has-text-color has-link-color wp-elements-187f7bc353f0bad680be6272601855b5\" style=\"color:#3e3e3e;font-size:clamp(0.984rem, 0.984rem + ((1vw - 0.2rem) * 0.938), 1.5rem);font-style:normal;font-weight:400;text-decoration:none;text-transform:uppercase\">Techniciens &amp; artistes<\/h4>\n<\/div>\n<\/div>\n<\/div>\n<\/section>\n\n\n\n<div class=\"wp-block-cover alignfull\" style=\"min-height:440px;aspect-ratio:unset;\"><span aria-hidden=\"true\" class=\"wp-block-cover__background has-contrast-background-color has-background-dim\"><\/span><img loading=\"lazy\" decoding=\"async\" width=\"2048\" height=\"1152\" class=\"wp-block-cover__image-background wp-image-367\" alt=\"\" src=\"https:\/\/grooveboxpresta-fr.preview-domain.com\/wp-content\/uploads\/2024\/04\/385712603_10161175730433713_3970031793855780629_n.jpeg\" style=\"object-position:50% 17%\" data-object-fit=\"cover\" data-object-position=\"50% 17%\" srcset=\"https:\/\/grooveboxpresta.fr\/wp-content\/uploads\/2024\/04\/385712603_10161175730433713_3970031793855780629_n.jpeg 2048w, https:\/\/grooveboxpresta.fr\/wp-content\/uploads\/2024\/04\/385712603_10161175730433713_3970031793855780629_n-300x169.jpeg 300w, https:\/\/grooveboxpresta.fr\/wp-content\/uploads\/2024\/04\/385712603_10161175730433713_3970031793855780629_n-1024x576.jpeg 1024w, https:\/\/grooveboxpresta.fr\/wp-content\/uploads\/2024\/04\/385712603_10161175730433713_3970031793855780629_n-768x432.jpeg 768w, https:\/\/grooveboxpresta.fr\/wp-content\/uploads\/2024\/04\/385712603_10161175730433713_3970031793855780629_n-1536x864.jpeg 1536w\" sizes=\"(max-width: 2048px) 100vw, 2048px\" \/><div class=\"wp-block-cover__inner-container has-global-padding is-layout-constrained wp-block-cover-is-layout-constrained\">\n<div class=\"wp-block-columns is-layout-flex wp-container-core-columns-is-layout-4 wp-block-columns-is-layout-flex\">\n<div class=\"wp-block-column is-layout-flow wp-block-column-is-layout-flow\" style=\"flex-basis:100%\">\n<div class=\"wp-block-buttons is-content-justification-center is-layout-flex wp-container-core-buttons-is-layout-1 wp-block-buttons-is-layout-flex\" style=\"margin-top:0rem;margin-bottom:0\">\n<div class=\"wp-block-button has-custom-font-size is-style-fill\" style=\"font-size:clamp(1.25em, 1.25rem + ((1vw - 0.2em) * 1.364), 2em);text-transform:none\"><a class=\"wp-block-button__link has-text-color has-background has-border-color has-text-align-center wp-element-button\" style=\"border-color:#0e0e0e;border-width:1px;border-radius:30px;color:#ffffff;background-color:#00000000;padding-top:0.8em;padding-right:3.2rem;padding-bottom:0.8em;padding-left:3.2rem\">Faisons briller votre \u00e9v\u00e9nement<\/a><\/div>\n<\/div>\n<\/div>\n<\/div>\n<\/div><\/div>\n","protected":false},"excerpt":{"rendered":"<p>Sonorisation Lumi\u00e8re sc\u00e8nes Tentes D\u00e9co &amp; mapping Techniciens &amp; artistes<\/p>\n","protected":false},"author":1,"featured_media":0,"parent":0,"menu_order":0,"comment_status":"closed","ping_status":"closed","template":"","meta":{"footnotes":""},"_links":{"self":[{"href":"https:\/\/grooveboxpresta.fr\/index.php?rest_route=\/wp\/v2\/pages\/172"}],"collection":[{"href":"https:\/\/grooveboxpresta.fr\/index.php?rest_route=\/wp\/v2\/pages"}],"about":[{"href":"https:\/\/grooveboxpresta.fr\/index.php?rest_route=\/wp\/v2\/types\/page"}],"author":[{"embeddable":true,"href":"https:\/\/grooveboxpresta.fr\/index.php?rest_route=\/wp\/v2\/users\/1"}],"replies":[{"embeddable":true,"href":"https:\/\/grooveboxpresta.fr\/index.php?rest_route=%2Fwp%2Fv2%2Fcomments&post=172"}],"version-history":[{"count":36,"href":"https:\/\/grooveboxpresta.fr\/index.php?rest_route=\/wp\/v2\/pages\/172\/revisions"}],"predecessor-version":[{"id":642,"href":"https:\/\/grooveboxpresta.fr\/index.php?rest_route=\/wp\/v2\/pages\/172\/revisions\/642"}],"wp:attachment":[{"href":"https:\/\/grooveboxpresta.fr\/index.php?rest_route=%2Fwp%2Fv2%2Fmedia&parent=172"}],"curies":[{"name":"wp","href":"https:\/\/api.w.org\/{rel}","templated":true}]}}